{"id":12,"date":"2023-10-24T17:56:56","date_gmt":"2023-10-24T20:56:56","guid":{"rendered":"https:\/\/latzinagnc.com.ar\/?page_id=12"},"modified":"2024-02-08T18:58:00","modified_gmt":"2024-02-08T21:58:00","slug":"one-page-express","status":"publish","type":"page","link":"https:\/\/latzinagnc.com.ar\/","title":{"rendered":"Front Page"},"content":{"rendered":"<div  data-label=\"Servicios\" data-id=\"stripped-features-image-cards-section\" data-category=\"overlapable\" data-=\"\" class=\"features-image-cards-section stripped-features-image-cards-section\" data-overlap=\"true\" id=\"servicios\" style=\"background-color: rgb(255, 255, 255);\"> <div  class=\"gridContainer\"> <div  class=\"features-image-cards-innerrow flexbox-list\" data-type=\"row\"> <div  class=\"features-image-cards-cardcol cp6cols-tablet cp3cols\"> <div  class=\"features-image-cards-cardrow\"><img  decoding=\"async\" class=\"features-image-cards-featimg\" src=\"http:\/\/latzinagnc.com.ar\/wp-content\/uploads\/2024\/01\/latserv4.jpg\" alt=\"\"> <div  class=\"features-image-cards-cardtextrow\" data-type=\"column\"> <h4  class=\"\">El Taller en tu domicilio<\/h4> <p  class=\"\">Queridos amigos\/clientes, dada la dif\u00edcil circunstancia que estamos viviendo a causa del COVID-19, sabemos que es aconsejable quedarse en casa para cuidarse y cuidar a nuestros seres queridos. Es por eso que a partir de ahora GNC LATZINA Inyecci\u00f3n se traslada a tu casa. Se realizaran diagn\u00f3sticos y trabajos \u201clivianos\u201d para poder reparar tu veh\u00edculo sin la necesidad de que tengas que venir hasta el taller. \u2013 Podes saber cu\u00e1l es el problema que tiene tu veh\u00edculo y hasta solucionarlo sin moverte de tu casa. \u2013 Podes pagar con todos los medios de pago, efectivo, tarjetas de cr\u00e9dito o mercado pago. COMUNICATE PARA CONOCER EL SERVICIO.<\/p> <hr  class=\"features-image-cards-separator\"> <\/div> <\/div> <\/div> <div  class=\"features-image-cards-cardcol cp6cols-tablet cp3cols\"> <div  class=\"features-image-cards-cardrow\"><img  decoding=\"async\" class=\"features-image-cards-featimg\" src=\"http:\/\/latzinagnc.com.ar\/wp-content\/uploads\/2024\/01\/latserv2.jpg\" alt=\"\"> <div  class=\"features-image-cards-cardtextrow\" data-type=\"column\"> <h4  class=\"\">Equipos de GNC<\/h4> <p  class=\"\">Somos un centro modelo de instalaci\u00f3n dedicado a la venta y colocaci\u00f3n de equipos de GNC de 5ta y 3ra Generaci\u00f3n, tenemos el mejor servicio post venta de la argentina, ofreciendo service SIN CARGO a los 2000km y cada 10000km despu\u00e9s de instalado. GARANTIA 1 A\u00d1O. Reparaci\u00f3n Equipos de GNC: Tenemos el mejor equipo especializado para poder brindarte una soluci\u00f3n ante cualquier inconveniente que puedas tener. Reparaci\u00f3n de reductores, ca\u00f1er\u00edas de alta presi\u00f3n, soluci\u00f3n de p\u00e9rdidas de gas, Regulaci\u00f3n de equipos de 5ta y 3ra generaci\u00f3n y mucho m\u00e1s.<\/p> <hr  class=\"features-image-cards-separator\"> <\/div> <\/div> <\/div> <div  class=\"features-image-cards-cardcol cp6cols-tablet cp3cols\"> <div  class=\"features-image-cards-cardrow\"><img  decoding=\"async\" class=\"features-image-cards-featimg\" src=\"http:\/\/latzinagnc.com.ar\/wp-content\/uploads\/2024\/01\/latserv33.jpg\" alt=\"\"> <div  class=\"features-image-cards-cardtextrow\" data-type=\"column\"> <h4  class=\"\">Inyecci\u00f3n Electr\u00f3nica<\/h4> <p  class=\"\">Poseemos de todas las herramientas necesarias para poder detectar cualquier tipo de problemas de inyecci\u00f3n que tengas. Diagnostico computarizado. Nuestro scanner nos permite revisar absolutamente todas las marcas. Reparaci\u00f3n de bomba de nafta, limpieza de inyectores y mucho m\u00e1s.<\/p> <hr  class=\"features-image-cards-separator\"> <\/div> <\/div> <\/div> <div  class=\"features-image-cards-cardcol cp6cols-tablet cp3cols\"> <div  class=\"features-image-cards-cardrow\"><img  decoding=\"async\" class=\"features-image-cards-featimg\" src=\"http:\/\/latzinagnc.com.ar\/wp-content\/uploads\/2024\/01\/latserv1.jpg\" alt=\"\"> <div  class=\"features-image-cards-cardtextrow\" data-type=\"column\"> <h4  class=\"\">Mec\u00e1nica Integral<\/h4> <p  class=\"\">Disponemos de un equipo de mec\u00e1nicos totalmente capacitados para poder solucionar cualquier falla mec\u00e1nica, frenos, tren delantero, embrague, distribuci\u00f3n, tapas de cilindros, motores, ejes traseros y mucho mucho m\u00e1s.<\/p> <hr  class=\"features-image-cards-separator\"> <\/div> <\/div> <\/div><\/div> <\/div><\/div><div  data-label=\"Nuestro Taller\" data-id=\"about-four-boxes-section\" data-category=\"about\" class=\"about-four-boxes-section\" id=\"nuestro-taller\" style=\"background-color: rgb(255, 255, 255);\"> <div  class=\"gridContainer\"> <div  class=\"about-four-boxes-innerrow flexbox-list\"> <div  class=\"about-four-boxes-imgcol\" data-bg=\"image\" style=\"background-image: url(&quot;http:\/\/latzinagnc.com.ar\/wp-content\/uploads\/2024\/01\/empre55.jpg&quot;);\"><\/div> <div  class=\"about-four-boxes-textcol\" data-type=\"column\">  <h2  class=\"\">Nuestro Taller<\/h2> <p  class=\"\">Somos una empresa atendida por sus due\u00f1os, seria dedicada a la instalaci\u00f3n de equipos de GNC y a encontrar la soluci\u00f3n a todo tipo de fallas e inconvenientes de su veh\u00edculo. M\u00e1s de 10 a\u00f1os de experiencia abalan nuestra gesti\u00f3n. Nuestra prioridad siempre son los clientes por eso ofrecemos una excelente atenci\u00f3n y predisposici\u00f3n para su conformidad. Y por sobre todo transparencia.<\/p> <\/div> <div  class=\"about-four-boxes-textcol\" data-type=\"column\">   <h5  class=\"\">Nuestra Prioridad siempre son los Clientes.<\/h5><p  class=\"\">Disponemos con un amplio local totalmente equipado y nutrido de herramientas con el que podemos brindar un servicio de primera calidad tanto para su veh\u00edculo como para usted contando con una sala de espera para su comodidad.<\/p> <p  class=\"\"><span  style=\"color: rgb(87, 87, 87); font-family: &quot;Open Sans&quot;, Helvetica, sans-serif; font-size: 18px; text-align: start;\">Mec\u00e1nica Integral: Disponemos de un equipo de mec\u00e1nicos totalmente capacitados para poder solucionar cualquier falla mec\u00e1nica, frenos, tren delantero, embrague, distribuci\u00f3n, tapas de cilindros, motores, ejes traseros y mucho mucho m\u00e1s.<\/span><\/p><\/div> <div  class=\"about-four-boxes-imgcol2\" data-bg=\"image\" style=\"background-image: url(&quot;http:\/\/latzinagnc.com.ar\/wp-content\/uploads\/2024\/01\/empre1.jpg&quot;);\"><\/div> <\/div> <\/div><\/div><div  id=\"contacto\" data-label=\"Contacto\" data-id=\"contact-section\" data-category=\"contact\" data-bg=\"transparent\" class=\"contact-section-formsection white-text\"> <div  class=\"gridContainer\"> <div  class=\"row_224\"> <div  class=\"contact-textrow\"> <div  class=\"contact-textcol dynamic-color\"> <h2  class=\"\">CONTACTO<\/h2> <p  class=\"white_text\">Env\u00edenos su consulta completando el formulario o por nuestros medios de contacto. \u2013 Tel\u00e9fono: 4671-7290 \u2013 WhatsApp: 11.5058.2221 \u2013 Por Facebook \u2013 Email : info@gnclatzina.com.ar<\/p> <\/div> <\/div> <\/div> <div  class=\"contact-formcol\" data-content-shortcode=\"one_page_express_contact_form shortcode=&quot;contact-form-7 id=&amp;amp;quot;9c81cd2&amp;amp;quot; title=&amp;amp;quot;Formulario 1&amp;amp;quot;&quot;\" data-editable=\"true\">\n<div class=\"wpcf7 no-js\" id=\"wpcf7-f175-o1\" lang=\"es-AR\" dir=\"ltr\">\n<div class=\"screen-reader-response\"><p role=\"status\" aria-live=\"polite\" aria-atomic=\"true\"><\/p> <ul><\/ul><\/div>\n<form action=\"\/index.php?rest_route=%2Fwp%2Fv2%2Fpages%2F12#wpcf7-f175-o1\" method=\"post\" class=\"wpcf7-form init\" aria-label=\"Formulario de contacto\" novalidate=\"novalidate\" data-status=\"init\">\n<div style=\"display: none;\">\n<input type=\"hidden\" name=\"_wpcf7\" value=\"175\" \/>\n<input type=\"hidden\" name=\"_wpcf7_version\" value=\"5.8.3\" \/>\n<input type=\"hidden\" name=\"_wpcf7_locale\" value=\"es_AR\" \/>\n<input type=\"hidden\" name=\"_wpcf7_unit_tag\" value=\"wpcf7-f175-o1\" \/>\n<input type=\"hidden\" name=\"_wpcf7_container_post\" value=\"0\" \/>\n<input type=\"hidden\" name=\"_wpcf7_posted_data_hash\" value=\"\" \/>\n<\/div>\n<p><label> Tu nombre<br \/>\n<span class=\"wpcf7-form-control-wrap\" data-name=\"your-name\"><input size=\"40\" class=\"wpcf7-form-control wpcf7-text wpcf7-validates-as-required\" autocomplete=\"name\" aria-required=\"true\" aria-invalid=\"false\" value=\"\" type=\"text\" name=\"your-name\" \/><\/span> <\/label>\n<\/p>\n<p><label> Tu correo electr\u00f3nico<br \/>\n<span class=\"wpcf7-form-control-wrap\" data-name=\"your-email\"><input size=\"40\" class=\"wpcf7-form-control wpcf7-email wpcf7-validates-as-required wpcf7-text wpcf7-validates-as-email\" autocomplete=\"email\" aria-required=\"true\" aria-invalid=\"false\" value=\"\" type=\"email\" name=\"your-email\" \/><\/span> <\/label>\n<\/p>\n<p><label> Asunto<br \/>\n<span class=\"wpcf7-form-control-wrap\" data-name=\"your-subject\"><input size=\"40\" class=\"wpcf7-form-control wpcf7-text wpcf7-validates-as-required\" aria-required=\"true\" aria-invalid=\"false\" value=\"\" type=\"text\" name=\"your-subject\" \/><\/span> <\/label>\n<\/p>\n<p><label> Tu mensaje (opcional)<br \/>\n<span class=\"wpcf7-form-control-wrap\" data-name=\"your-message\"><textarea cols=\"40\" rows=\"10\" class=\"wpcf7-form-control wpcf7-textarea\" aria-invalid=\"false\" name=\"your-message\"><\/textarea><\/span> <\/label>\n<\/p>\n<p><input class=\"wpcf7-form-control wpcf7-submit has-spinner\" type=\"submit\" value=\"Enviar\" \/>\n<\/p><div class=\"wpcf7-response-output\" aria-hidden=\"true\"><\/div>\n<\/form>\n<\/div>\n<\/div> <\/div><\/div>","protected":false},"excerpt":{"rendered":"<p>El Taller en tu domicilio Queridos amigos\/clientes, dada la dif\u00edcil circunstancia que estamos viviendo a causa del COVID-19, sabemos que es aconsejable quedarse en casa para cuidarse y cuidar a nuestros seres queridos. Es por eso que a partir de ahora GNC LATZINA Inyecci\u00f3n se traslada a tu casa. Se realizaran diagn\u00f3sticos y trabajos \u201clivianos\u201d&hellip; <br \/> <a class=\"button small blue\" href=\"https:\/\/latzinagnc.com.ar\/?p=189\">Read more<\/a><\/p>\n","protected":false},"author":1,"featured_media":0,"parent":0,"menu_order":0,"comment_status":"closed","ping_status":"closed","template":"","meta":{"_monsterinsights_skip_tracking":false,"_monsterinsights_sitenote_active":false,"_monsterinsights_sitenote_note":"","_monsterinsights_sitenote_category":0,"footnotes":""},"aioseo_notices":[],"_links":{"self":[{"href":"https:\/\/latzinagnc.com.ar\/index.php?rest_route=\/wp\/v2\/pages\/12"}],"collection":[{"href":"https:\/\/latzinagnc.com.ar\/index.php?rest_route=\/wp\/v2\/pages"}],"about":[{"href":"https:\/\/latzinagnc.com.ar\/index.php?rest_route=\/wp\/v2\/types\/page"}],"author":[{"embeddable":true,"href":"https:\/\/latzinagnc.com.ar\/index.php?rest_route=\/wp\/v2\/users\/1"}],"replies":[{"embeddable":true,"href":"https:\/\/latzinagnc.com.ar\/index.php?rest_route=%2Fwp%2Fv2%2Fcomments&post=12"}],"version-history":[{"count":97,"href":"https:\/\/latzinagnc.com.ar\/index.php?rest_route=\/wp\/v2\/pages\/12\/revisions"}],"predecessor-version":[{"id":582,"href":"https:\/\/latzinagnc.com.ar\/index.php?rest_route=\/wp\/v2\/pages\/12\/revisions\/582"}],"wp:attachment":[{"href":"https:\/\/latzinagnc.com.ar\/index.php?rest_route=%2Fwp%2Fv2%2Fmedia&parent=12"}],"curies":[{"name":"wp","href":"https:\/\/api.w.org\/{rel}","templated":true}]}}